{"id":3254,"date":"2024-05-26T11:25:46","date_gmt":"2024-05-26T09:25:46","guid":{"rendered":"http:\/\/utvaka.wi-utv.se\/shop\/cart\/"},"modified":"2024-06-09T12:07:53","modified_gmt":"2024-06-09T10:07:53","slug":"cart","status":"publish","type":"page","link":"https:\/\/akashainspiratoren.se\/en\/shop\/cart\/","title":{"rendered":"Cart"},"content":{"rendered":"<div data-block-name=\"woocommerce\/cart\" class=\"wp-block-woocommerce-cart alignwide is-loading\"><div data-block-name=\"woocommerce\/filled-cart-block\" class=\"wp-block-woocommerce-filled-cart-block\"><div data-block-name=\"woocommerce\/cart-items-block\" class=\"wp-block-woocommerce-cart-items-block\"><div data-block-name=\"woocommerce\/cart-line-items-block\" class=\"wp-block-woocommerce-cart-line-items-block\"><\/div>\n\n<div data-block-name=\"woocommerce\/cart-cross-sells-block\" class=\"wp-block-woocommerce-cart-cross-sells-block\"><h2 class=\"wp-block-heading has-large-font-size\">Du kanske \u00e4r intresserad av \u2026<\/h2>\n\n<div data-block-name=\"woocommerce\/cart-cross-sells-products-block\" class=\"wp-block-woocommerce-cart-cross-sells-products-block\"><\/div><\/div><\/div>\n\n<div data-block-name=\"woocommerce\/cart-totals-block\" class=\"wp-block-woocommerce-cart-totals-block\"><div data-block-name=\"woocommerce\/cart-order-summary-block\" class=\"wp-block-woocommerce-cart-order-summary-block\"><div data-block-name=\"woocommerce\/cart-order-summary-heading-block\" class=\"wp-block-woocommerce-cart-order-summary-heading-block\"><\/div><div data-block-name=\"woocommerce\/cart-order-summary-coupon-form-block\" class=\"wp-block-woocommerce-cart-order-summary-coupon-form-block\"><\/div><div data-block-name=\"woocommerce\/cart-order-summary-totals-block\" class=\"wp-block-woocommerce-cart-order-summary-totals-block\">\n<div data-block-name=\"woocommerce\/cart-order-summary-subtotal-block\" class=\"wp-block-woocommerce-cart-order-summary-subtotal-block\"><\/div>\n<div data-block-name=\"woocommerce\/cart-order-summary-discount-block\" class=\"wp-block-woocommerce-cart-order-summary-discount-block\"><\/div>\n<div data-block-name=\"woocommerce\/cart-order-summary-fee-block\" class=\"wp-block-woocommerce-cart-order-summary-fee-block\"><\/div>\n<div data-block-name=\"woocommerce\/cart-order-summary-shipping-block\" class=\"wp-block-woocommerce-cart-order-summary-shipping-block\"><\/div>\n<div data-block-name=\"woocommerce\/cart-order-summary-taxes-block\" class=\"wp-block-woocommerce-cart-order-summary-taxes-block\"><\/div><\/div><\/div>\n\n<div data-block-name=\"woocommerce\/cart-express-payment-block\" class=\"wp-block-woocommerce-cart-express-payment-block\"><\/div>\n\n<div data-block-name=\"woocommerce\/proceed-to-checkout-block\" class=\"wp-block-woocommerce-proceed-to-checkout-block\"><\/div>\n\n<div data-block-name=\"woocommerce\/cart-accepted-payment-methods-block\" class=\"wp-block-woocommerce-cart-accepted-payment-methods-block\"><\/div><\/div><\/div>\n\n<div data-block-name=\"woocommerce\/empty-cart-block\" class=\"wp-block-woocommerce-empty-cart-block\"><h2 class=\"wp-block-heading has-text-align-center with-empty-cart-icon wc-block-cart__empty-cart__title\">Din varukorg \u00e4r f\u00f6r n\u00e4rvarande tom!<\/h2>\n\n<hr class=\"wp-block-separator has-alpha-channel-opacity is-style-dots\"\/>\n\n<h2 class=\"wp-block-heading has-text-align-center\">Nytt i butik<\/h2>\n\n<div data-block-name=\"woocommerce\/product-new\" data-columns=\"4\" data-rows=\"1\" class=\"wc-block-grid wp-block-product-new wc-block-product-new has-4-columns\"><ul class=\"wc-block-grid__products\"><li class=\"wc-block-grid__product\">\n\t\t\t\t<a href=\"https:\/\/akashainspiratoren.se\/en\/tjanster\/gift-cards\/\" class=\"wc-block-grid__product-link\">\n\t\t\t\t\t\n\t\t\t\t\t<div class=\"wc-block-grid__product-image\"><img loading=\"lazy\" decoding=\"async\" width=\"300\" height=\"300\" src=\"https:\/\/akashainspiratoren.se\/wp-content\/uploads\/2024\/04\/Presentkortredigerat-1-scaled-300x300.jpg\" class=\"attachment-woocommerce_thumbnail size-woocommerce_thumbnail\" alt=\"Gift Cards\" srcset=\"https:\/\/akashainspiratoren.se\/wp-content\/uploads\/2024\/04\/Presentkortredigerat-1-scaled-300x300.jpg 300w, https:\/\/akashainspiratoren.se\/wp-content\/uploads\/2024\/04\/Presentkortredigerat-1-scaled-100x100.jpg 100w, https:\/\/akashainspiratoren.se\/wp-content\/uploads\/2024\/04\/Presentkortredigerat-1-150x150.jpg 150w, https:\/\/akashainspiratoren.se\/wp-content\/uploads\/2024\/04\/Presentkortredigerat-1-1024x812-200x200.jpg 200w, https:\/\/akashainspiratoren.se\/wp-content\/uploads\/2024\/04\/Presentkortredigerat-1-1024x812-600x600.jpg 600w\" sizes=\"(max-width: 300px) 100vw, 300px\" \/><\/div>\n\t\t\t\t\t<div class=\"wc-block-grid__product-title\">Gift Cards<\/div>\n\t\t\t\t<\/a>\n\t\t\t\t<div class=\"wc-block-grid__product-price price\"><\/div>\n\t\t\t\t\n\t\t\t\t<div class=\"wp-block-button wc-block-grid__product-add-to-cart\"><a href=\"https:\/\/akashainspiratoren.se\/en\/tjanster\/gift-cards\/\" aria-label=\"Read more about &ldquo;Gift Cards&rdquo;\" data-quantity=\"1\" data-product_id=\"5223\" data-product_sku=\"\" data-price=\"0\" rel=\"nofollow\" class=\"wp-block-button__link  add_to_cart_button\">Read more<\/a><\/div>\n\t\t\t<\/li><li class=\"wc-block-grid__product\">\n\t\t\t\t<a href=\"https:\/\/akashainspiratoren.se\/en\/tjanster\/spiritual-energy-coaching-in-english-small-program-6-h-at-zoom\/\" class=\"wc-block-grid__product-link\">\n\t\t\t\t\t\n\t\t\t\t\t<div class=\"wc-block-grid__product-image\"><img loading=\"lazy\" decoding=\"async\" width=\"300\" height=\"300\" src=\"https:\/\/akashainspiratoren.se\/wp-content\/uploads\/2024\/06\/start_3-300x300.jpg\" class=\"attachment-woocommerce_thumbnail size-woocommerce_thumbnail\" alt=\"Spiritual Energy Coaching in English \u2013 small program 6 h at Zoom\" srcset=\"https:\/\/akashainspiratoren.se\/wp-content\/uploads\/2024\/06\/start_3-300x300.jpg 300w, https:\/\/akashainspiratoren.se\/wp-content\/uploads\/2024\/06\/start_3-100x100.jpg 100w, https:\/\/akashainspiratoren.se\/wp-content\/uploads\/2024\/06\/start_3-150x150.jpg 150w, https:\/\/akashainspiratoren.se\/wp-content\/uploads\/2024\/06\/start_3-1024x410-200x200.jpg 200w, https:\/\/akashainspiratoren.se\/wp-content\/uploads\/2024\/06\/start_3-1024x410-600x600.jpg 600w\" sizes=\"(max-width: 300px) 100vw, 300px\" \/><\/div>\n\t\t\t\t\t<div class=\"wc-block-grid__product-title\">Spiritual Energy Coaching in English \u2013 small program 6 h at Zoom<\/div>\n\t\t\t\t<\/a>\n\t\t\t\t<div class=\"wc-block-grid__product-price price\"><span class=\"woocommerce-Price-amount amount\">594.00&nbsp;<span class=\"woocommerce-Price-currencySymbol\">&euro;<\/span><\/span><\/div>\n\t\t\t\t\n\t\t\t\t<div class=\"wp-block-button wc-block-grid__product-add-to-cart\"><a href=\"?add-to-cart=5196\" aria-label=\"Add to cart: &ldquo;Spiritual Energy Coaching in English \u2013 small program 6 h at Zoom&rdquo;\" data-quantity=\"1\" data-product_id=\"5196\" data-product_sku=\"\" data-price=\"594\" rel=\"nofollow\" class=\"wp-block-button__link  add_to_cart_button ajax_add_to_cart\">Add to cart<\/a><\/div>\n\t\t\t<\/li><li class=\"wc-block-grid__product\">\n\t\t\t\t<a href=\"https:\/\/akashainspiratoren.se\/en\/tjanster\/spiritual-energy-coaching-in-english-large-program-11-h-at-zoom\/\" class=\"wc-block-grid__product-link\">\n\t\t\t\t\t\n\t\t\t\t\t<div class=\"wc-block-grid__product-image\"><img loading=\"lazy\" decoding=\"async\" width=\"300\" height=\"300\" src=\"https:\/\/akashainspiratoren.se\/wp-content\/uploads\/2024\/06\/start_3-300x300.jpg\" class=\"attachment-woocommerce_thumbnail size-woocommerce_thumbnail\" alt=\"Spiritual Energy Coaching in English\u2013 large program 11 h at Zoom\" srcset=\"https:\/\/akashainspiratoren.se\/wp-content\/uploads\/2024\/06\/start_3-300x300.jpg 300w, https:\/\/akashainspiratoren.se\/wp-content\/uploads\/2024\/06\/start_3-100x100.jpg 100w, https:\/\/akashainspiratoren.se\/wp-content\/uploads\/2024\/06\/start_3-150x150.jpg 150w, https:\/\/akashainspiratoren.se\/wp-content\/uploads\/2024\/06\/start_3-1024x410-200x200.jpg 200w, https:\/\/akashainspiratoren.se\/wp-content\/uploads\/2024\/06\/start_3-1024x410-600x600.jpg 600w\" sizes=\"(max-width: 300px) 100vw, 300px\" \/><\/div>\n\t\t\t\t\t<div class=\"wc-block-grid__product-title\">Spiritual Energy Coaching in English\u2013 large program 11 h at Zoom<\/div>\n\t\t\t\t<\/a>\n\t\t\t\t<div class=\"wc-block-grid__product-price price\"><span class=\"woocommerce-Price-amount amount\">849.00&nbsp;<span class=\"woocommerce-Price-currencySymbol\">&euro;<\/span><\/span><\/div>\n\t\t\t\t\n\t\t\t\t<div class=\"wp-block-button wc-block-grid__product-add-to-cart\"><a href=\"?add-to-cart=5195\" aria-label=\"Add to cart: &ldquo;Spiritual Energy Coaching in English\u2013 large program 11 h at Zoom&rdquo;\" data-quantity=\"1\" data-product_id=\"5195\" data-product_sku=\"11\" data-price=\"849\" rel=\"nofollow\" class=\"wp-block-button__link  add_to_cart_button ajax_add_to_cart\">Add to cart<\/a><\/div>\n\t\t\t<\/li><li class=\"wc-block-grid__product\">\n\t\t\t\t<a href=\"https:\/\/akashainspiratoren.se\/en\/tjanster\/spiritual-energy-coaching-one-single-session-reading-follow-up-in-english-60-min-at-zoom\/\" class=\"wc-block-grid__product-link\">\n\t\t\t\t\t\n\t\t\t\t\t<div class=\"wc-block-grid__product-image\"><img loading=\"lazy\" decoding=\"async\" width=\"200\" height=\"266\" src=\"https:\/\/akashainspiratoren.se\/wp-content\/uploads\/2024\/05\/image_123650291-1-768x1024-200x266-1.jpg\" class=\"attachment-woocommerce_thumbnail size-woocommerce_thumbnail\" alt=\"Spiritual Energy Coaching ONE Single Session\/Reading Follow-up in English 60 min at Zoom\" \/><\/div>\n\t\t\t\t\t<div class=\"wc-block-grid__product-title\">Spiritual Energy Coaching ONE Single Session\/Reading Follow-up in English 60 min at Zoom<\/div>\n\t\t\t\t<\/a>\n\t\t\t\t<div class=\"wc-block-grid__product-price price\"><span class=\"woocommerce-Price-amount amount\">103.00&nbsp;<span class=\"woocommerce-Price-currencySymbol\">&euro;<\/span><\/span><\/div>\n\t\t\t\t\n\t\t\t\t<div class=\"wp-block-button wc-block-grid__product-add-to-cart\"><a href=\"?add-to-cart=5194\" aria-label=\"Add to cart: &ldquo;Spiritual Energy Coaching ONE Single Session\/Reading Follow-up in English 60 min at Zoom&rdquo;\" data-quantity=\"1\" data-product_id=\"5194\" data-product_sku=\"\" data-price=\"103\" rel=\"nofollow\" class=\"wp-block-button__link  add_to_cart_button ajax_add_to_cart\">Add to cart<\/a><\/div>\n\t\t\t<\/li><\/ul><\/div><\/div><\/div>","protected":false},"excerpt":{"rendered":"","protected":false},"author":1,"featured_media":0,"parent":3253,"menu_order":3,"comment_status":"closed","ping_status":"closed","template":"","meta":{"footnotes":""},"class_list":["post-3254","page","type-page","status-publish","hentry","has-post-title","has-post-date","has-post-category","has-post-tag","has-post-comment","has-post-author",""],"yoast_head":"<!-- This site is optimized with the Yoast SEO plugin v23.5 - https:\/\/yoast.com\/wordpress\/plugins\/seo\/ -->\n<title>Cart - Akashainspirat\u00f6ren<\/title>\n<meta name=\"robots\" content=\"index, follow, max-snippet:-1, max-image-preview:large, max-video-preview:-1\" \/>\n<link rel=\"canonical\" href=\"https:\/\/akashainspiratoren.se\/en\/shop\/cart\/\" \/>\n<meta property=\"og:locale\" content=\"en_US\" \/>\n<meta property=\"og:type\" content=\"article\" \/>\n<meta property=\"og:title\" content=\"Cart - Akashainspirat\u00f6ren\" \/>\n<meta property=\"og:url\" content=\"https:\/\/akashainspiratoren.se\/en\/shop\/cart\/\" \/>\n<meta property=\"og:site_name\" content=\"Akashainspirat\u00f6ren\" \/>\n<meta property=\"article:modified_time\" content=\"2024-06-09T10:07:53+00:00\" \/>\n<meta name=\"twitter:card\" content=\"summary_large_image\" \/>\n<script type=\"application\/ld+json\" class=\"yoast-schema-graph\">{\"@context\":\"https:\/\/schema.org\",\"@graph\":[{\"@type\":\"WebPage\",\"@id\":\"https:\/\/akashainspiratoren.se\/en\/shop\/cart\/\",\"url\":\"https:\/\/akashainspiratoren.se\/en\/shop\/cart\/\",\"name\":\"Cart - Akashainspirat\u00f6ren\",\"isPartOf\":{\"@id\":\"https:\/\/akashainspiratoren.se\/en\/#website\"},\"datePublished\":\"2024-05-26T09:25:46+00:00\",\"dateModified\":\"2024-06-09T10:07:53+00:00\",\"breadcrumb\":{\"@id\":\"https:\/\/akashainspiratoren.se\/en\/shop\/cart\/#breadcrumb\"},\"inLanguage\":\"en-US\",\"potentialAction\":[{\"@type\":\"ReadAction\",\"target\":[\"https:\/\/akashainspiratoren.se\/en\/shop\/cart\/\"]}]},{\"@type\":\"BreadcrumbList\",\"@id\":\"https:\/\/akashainspiratoren.se\/en\/shop\/cart\/#breadcrumb\",\"itemListElement\":[{\"@type\":\"ListItem\",\"position\":1,\"name\":\"Hem\",\"item\":\"https:\/\/akashainspiratoren.se\/en\/\"},{\"@type\":\"ListItem\",\"position\":2,\"name\":\"Shop\",\"item\":\"http:\/\/utvaka.wi-utv.se\/butik\/\"},{\"@type\":\"ListItem\",\"position\":3,\"name\":\"Cart\"}]},{\"@type\":\"WebSite\",\"@id\":\"https:\/\/akashainspiratoren.se\/en\/#website\",\"url\":\"https:\/\/akashainspiratoren.se\/en\/\",\"name\":\"Akashainspirat\u00f6ren\",\"description\":\"\",\"publisher\":{\"@id\":\"https:\/\/akashainspiratoren.se\/en\/#organization\"},\"potentialAction\":[{\"@type\":\"SearchAction\",\"target\":{\"@type\":\"EntryPoint\",\"urlTemplate\":\"https:\/\/akashainspiratoren.se\/en\/?s={search_term_string}\"},\"query-input\":{\"@type\":\"PropertyValueSpecification\",\"valueRequired\":true,\"valueName\":\"search_term_string\"}}],\"inLanguage\":\"en-US\"},{\"@type\":\"Organization\",\"@id\":\"https:\/\/akashainspiratoren.se\/en\/#organization\",\"name\":\"Akashainspirat\u00f6ren\",\"url\":\"https:\/\/akashainspiratoren.se\/en\/\",\"logo\":{\"@type\":\"ImageObject\",\"inLanguage\":\"en-US\",\"@id\":\"https:\/\/akashainspiratoren.se\/en\/#\/schema\/logo\/image\/\",\"url\":\"https:\/\/akashainspiratoren.se\/wp-content\/uploads\/2024\/02\/akasha-logo-329.png\",\"contentUrl\":\"https:\/\/akashainspiratoren.se\/wp-content\/uploads\/2024\/02\/akasha-logo-329.png\",\"width\":329,\"height\":85,\"caption\":\"Akashainspirat\u00f6ren\"},\"image\":{\"@id\":\"https:\/\/akashainspiratoren.se\/en\/#\/schema\/logo\/image\/\"}}]}<\/script>\n<!-- \/ Yoast SEO plugin. -->","yoast_head_json":{"title":"Cart - Akashainspirat\u00f6ren","robots":{"index":"index","follow":"follow","max-snippet":"max-snippet:-1","max-image-preview":"max-image-preview:large","max-video-preview":"max-video-preview:-1"},"canonical":"https:\/\/akashainspiratoren.se\/en\/shop\/cart\/","og_locale":"en_US","og_type":"article","og_title":"Cart - Akashainspirat\u00f6ren","og_url":"https:\/\/akashainspiratoren.se\/en\/shop\/cart\/","og_site_name":"Akashainspirat\u00f6ren","article_modified_time":"2024-06-09T10:07:53+00:00","twitter_card":"summary_large_image","schema":{"@context":"https:\/\/schema.org","@graph":[{"@type":"WebPage","@id":"https:\/\/akashainspiratoren.se\/en\/shop\/cart\/","url":"https:\/\/akashainspiratoren.se\/en\/shop\/cart\/","name":"Cart - Akashainspirat\u00f6ren","isPartOf":{"@id":"https:\/\/akashainspiratoren.se\/en\/#website"},"datePublished":"2024-05-26T09:25:46+00:00","dateModified":"2024-06-09T10:07:53+00:00","breadcrumb":{"@id":"https:\/\/akashainspiratoren.se\/en\/shop\/cart\/#breadcrumb"},"inLanguage":"en-US","potentialAction":[{"@type":"ReadAction","target":["https:\/\/akashainspiratoren.se\/en\/shop\/cart\/"]}]},{"@type":"BreadcrumbList","@id":"https:\/\/akashainspiratoren.se\/en\/shop\/cart\/#breadcrumb","itemListElement":[{"@type":"ListItem","position":1,"name":"Hem","item":"https:\/\/akashainspiratoren.se\/en\/"},{"@type":"ListItem","position":2,"name":"Shop","item":"http:\/\/utvaka.wi-utv.se\/butik\/"},{"@type":"ListItem","position":3,"name":"Cart"}]},{"@type":"WebSite","@id":"https:\/\/akashainspiratoren.se\/en\/#website","url":"https:\/\/akashainspiratoren.se\/en\/","name":"Akashainspirat\u00f6ren","description":"","publisher":{"@id":"https:\/\/akashainspiratoren.se\/en\/#organization"},"potentialAction":[{"@type":"SearchAction","target":{"@type":"EntryPoint","urlTemplate":"https:\/\/akashainspiratoren.se\/en\/?s={search_term_string}"},"query-input":{"@type":"PropertyValueSpecification","valueRequired":true,"valueName":"search_term_string"}}],"inLanguage":"en-US"},{"@type":"Organization","@id":"https:\/\/akashainspiratoren.se\/en\/#organization","name":"Akashainspirat\u00f6ren","url":"https:\/\/akashainspiratoren.se\/en\/","logo":{"@type":"ImageObject","inLanguage":"en-US","@id":"https:\/\/akashainspiratoren.se\/en\/#\/schema\/logo\/image\/","url":"https:\/\/akashainspiratoren.se\/wp-content\/uploads\/2024\/02\/akasha-logo-329.png","contentUrl":"https:\/\/akashainspiratoren.se\/wp-content\/uploads\/2024\/02\/akasha-logo-329.png","width":329,"height":85,"caption":"Akashainspirat\u00f6ren"},"image":{"@id":"https:\/\/akashainspiratoren.se\/en\/#\/schema\/logo\/image\/"}}]}},"builder_content":"","_links":{"self":[{"href":"https:\/\/akashainspiratoren.se\/en\/wp-json\/wp\/v2\/pages\/3254"}],"collection":[{"href":"https:\/\/akashainspiratoren.se\/en\/wp-json\/wp\/v2\/pages"}],"about":[{"href":"https:\/\/akashainspiratoren.se\/en\/wp-json\/wp\/v2\/types\/page"}],"author":[{"embeddable":true,"href":"https:\/\/akashainspiratoren.se\/en\/wp-json\/wp\/v2\/users\/1"}],"replies":[{"embeddable":true,"href":"https:\/\/akashainspiratoren.se\/en\/wp-json\/wp\/v2\/comments?post=3254"}],"version-history":[{"count":0,"href":"https:\/\/akashainspiratoren.se\/en\/wp-json\/wp\/v2\/pages\/3254\/revisions"}],"up":[{"embeddable":true,"href":"https:\/\/akashainspiratoren.se\/en\/wp-json\/wp\/v2\/pages\/3253"}],"wp:attachment":[{"href":"https:\/\/akashainspiratoren.se\/en\/wp-json\/wp\/v2\/media?parent=3254"}],"curies":[{"name":"wp","href":"https:\/\/api.w.org\/{rel}","templated":true}]}}